{"id":149,"date":"2017-08-04T09:42:40","date_gmt":"2017-08-04T00:42:40","guid":{"rendered":"http:\/\/school.gifu-net.ed.jp\/wordpress\/ikeda-hs\/?page_id=149"},"modified":"2017-08-24T09:47:58","modified_gmt":"2017-08-24T00:47:58","slug":"francais","status":"publish","type":"page","link":"https:\/\/school.gifu-net.ed.jp\/wordpress\/ikeda-hs\/francais\/","title":{"rendered":"Fran\u00e7ais"},"content":{"rendered":"<p><span style=\"font-size: large\">Pr\u00e9sentation du lyc\u00e9e d\u00e9partemental d\u2019Ikeda<\/span><br \/>\n<span style=\"font-size: medium\">\u00ab Bienvenue au lyc\u00e9e Ikeda ! \u00bb<\/span><br \/>\n<a href=\"http:\/\/school.gifu-net.ed.jp\/ikeda-hs\/fl_hp\/francais.pdf\" target=\"_blank\" rel=\"noopener\"><img decoding=\"async\" loading=\"lazy\" class=\"alignnone size-medium wp-image-155\" src=\"http:\/\/school.gifu-net.ed.jp\/wordpress\/ikeda-hs\/wp-content\/uploads\/sites\/50\/2017\/08\/gaiyo-1-300x91.png\" alt=\"\" width=\"350\" height=\"206\" \/><\/a>\u3000 \u2190DL\u3000( file size 3,561kb )<\/p>\n<p><a href=\"http:\/\/school.gifu-net.ed.jp\/ikeda-hs\/English\/2.pdf\" target=\"_blank\" rel=\"noopener\"> Histoire de l\u2019\u00e9cole, objectifs et principes \u00e9ducatifs <\/a><\/p>\n<p><a href=\"http:\/\/school.gifu-net.ed.jp\/ikeda-hs\/English\/3.pdf\" target=\"_blank\" rel=\"noopener\"> Guide de l\u2019\u00e9cole <\/a><\/p>\n<p><a href=\"http:\/\/school.gifu-net.ed.jp\/ikeda-hs\/English\/4.pdf\" target=\"_blank\" rel=\"noopener\">Installations de l\u2019\u00e9cole <\/a><\/p>\n<p><a href=\"http:\/\/school.gifu-net.ed.jp\/ikeda-hs\/English\/5.pdf\" target=\"_blank\" rel=\"noopener\">La nature entourant le lyc\u00e9e Ikeda <\/a><\/p>\n<p><a href=\"http:\/\/school.gifu-net.ed.jp\/ikeda-hs\/English\/6.pdf\" target=\"_blank\" rel=\"noopener\">EDD (\u00e9ducation au d\u00e9veloppement durable)<\/a><\/p>\n<p><a href=\"http:\/\/school.gifu-net.ed.jp\/ikeda-hs\/English\/7.pdf\" target=\"_blank\" rel=\"noopener\">Une \u00e9ducation particuli\u00e8re <\/a><\/p>\n<p><a href=\"http:\/\/Organisation des classes et programme d\u2019enseignement\" target=\"_blank\" rel=\"noopener\">Organisation des classes et programme d\u2019enseignement<\/a><\/p>\n<p><a href=\"http:\/\/school.gifu-net.ed.jp\/ikeda-hs\/English\/9.pdf\" target=\"_blank\" rel=\"noopener\">Calendrier des \u00e9v\u00e8nements scolaires <\/a><\/p>\n<p><a href=\"http:\/\/school.gifu-net.ed.jp\/ikeda-hs\/English\/10.pdf\" target=\"_blank\" rel=\"noopener\">Activit\u00e9s r\u00e9cr\u00e9atives et p\u00e9riscolaires <\/a><\/p>\n<p><a href=\"http:\/\/school.gifu-net.ed.jp\/ikeda-hs\/English\/11.pdf\" target=\"_blank\" rel=\"noopener\">Orientation des \u00e9l\u00e8ves apr\u00e8s la fin des \u00e9tudes <\/a><\/p>\n<p><a href=\"http:\/\/school.gifu-net.ed.jp\/ikeda-hs\/English\/12.pdf\" target=\"_blank\" rel=\"noopener\"> Pr\u00e9sentation du bourg d\u2019Ikeda <\/a><\/p>\n","protected":false},"excerpt":{"rendered":"<p>Pr\u00e9sentation du lyc\u00e9e d\u00e9partemental d\u2019Ikeda \u00ab Bienvenue au lyc\u00e9e Ikeda ! \u00bb \u3000 \u2190DL\u3000( file size 3,561kb ) Histoir [&hellip;]<\/p>\n","protected":false},"author":25,"featured_media":0,"parent":0,"menu_order":0,"comment_status":"closed","ping_status":"closed","template":"","meta":{"footnotes":""},"acf":[],"_links":{"self":[{"href":"https:\/\/school.gifu-net.ed.jp\/wordpress\/ikeda-hs\/wp-json\/wp\/v2\/pages\/149"}],"collection":[{"href":"https:\/\/school.gifu-net.ed.jp\/wordpress\/ikeda-hs\/wp-json\/wp\/v2\/pages"}],"about":[{"href":"https:\/\/school.gifu-net.ed.jp\/wordpress\/ikeda-hs\/wp-json\/wp\/v2\/types\/page"}],"author":[{"embeddable":true,"href":"https:\/\/school.gifu-net.ed.jp\/wordpress\/ikeda-hs\/wp-json\/wp\/v2\/users\/25"}],"replies":[{"embeddable":true,"href":"https:\/\/school.gifu-net.ed.jp\/wordpress\/ikeda-hs\/wp-json\/wp\/v2\/comments?post=149"}],"version-history":[{"count":14,"href":"https:\/\/school.gifu-net.ed.jp\/wordpress\/ikeda-hs\/wp-json\/wp\/v2\/pages\/149\/revisions"}],"predecessor-version":[{"id":464,"href":"https:\/\/school.gifu-net.ed.jp\/wordpress\/ikeda-hs\/wp-json\/wp\/v2\/pages\/149\/revisions\/464"}],"wp:attachment":[{"href":"https:\/\/school.gifu-net.ed.jp\/wordpress\/ikeda-hs\/wp-json\/wp\/v2\/media?parent=149"}],"curies":[{"name":"wp","href":"https:\/\/api.w.org\/{rel}","templated":true}]}}